{"id":3190,"date":"2024-06-22T08:16:17","date_gmt":"2024-06-22T08:16:17","guid":{"rendered":"https:\/\/baltic.news\/?page_id=3190"},"modified":"2024-07-01T16:19:05","modified_gmt":"2024-07-01T16:19:05","slug":"iesniegt-zinas","status":"publish","type":"page","link":"https:\/\/baltic.news\/lv\/iesniegt-zinas\/","title":{"rendered":"Iesniegt zi\u0146as"},"content":{"rendered":"\t\t<div data-elementor-type=\"wp-page\" data-elementor-id=\"3190\" class=\"elementor elementor-3190 elementor-2\">\n\t\t\t\t<div class=\"elementor-element elementor-element-133cda68 e-flex e-con-boxed e-con e-parent\" data-id=\"133cda68\" data-element_type=\"container\" data-e-type=\"container\">\n\t\t\t\t\t<div class=\"e-con-inner\">\n\t\t<div class=\"elementor-element elementor-element-402fd4e8 e-con-full e-flex e-con e-child\" data-id=\"402fd4e8\" data-element_type=\"container\" data-e-type=\"container\">\n\t\t\t\t<div class=\"elementor-element elementor-element-1a1a8931 elementor-widget elementor-widget-text-editor\" data-id=\"1a1a8931\" data-element_type=\"widget\" data-e-type=\"widget\" data-widget_type=\"text-editor.default\">\n\t\t\t\t<div class=\"elementor-widget-container\">\n\t\t\t\t\t\t\t\t\t<h2 style=\"margin-bottom: 20px;\">Iesniedziet zi\u0146as vai preses izdevumus<\/h2><h2>Preses pazi\u0146ojumu izplat\u012b\u0161ana pla\u0161sazi\u0146as l\u012bdzek\u013ciem Baltij\u0101: Igaunij\u0101, Latvij\u0101 un Lietuv\u0101<\/h2><p>Baltic.News\u2122 sadarb\u012bb\u0101 ar <a href=\"https:\/\/www.europenewswire.net\/\">EuropeNewswire.Net\u2122<\/a> nodro\u0161ina preses rel\u012b\u017eu izplat\u012b\u0161anu medijiem Baltijas valst\u012bs, tostarp Igaunij\u0101 un Latvij\u0101. un Lietuva un visa Eiropa. m\u0113s nog\u0101d\u0101sim j\u016bsu pazi\u0146ojumu presei potenci\u0101lajai auditorijai re\u0123ion\u0101.<\/p><p>Izmantojiet preses rel\u012b\u017eu priek\u0161roc\u012bbas. Izmantojot m\u016bsu zi\u0146u izlaidumu izplat\u012b\u0161anu, j\u016bs ieg\u016bsit vair\u0101kas priek\u0161roc\u012bbas, piem\u0113ram, uzlabosiet redzam\u012bbu, izveidosiet attiec\u012bbas ar medijiem, reput\u0101cijas p\u0101rvald\u012bbu, SEO priek\u0161roc\u012bbas, potenci\u0101lo viralit\u0101ti, auditorijas papla\u0161in\u0101\u0161anos, p\u0101rdo\u0161anas apjomu un trafika pieaugumu.<\/p><p>Turpin\u0101t ar preses rel\u012b\u017eu izplat\u012b\u0161anu; sazinieties ar mums, izmantojot \u0161\u012bs zi\u0146ojumapmai\u0146as lietotnes: <a href=\"https:\/\/api.whatsapp.com\/send\/?phone=18327162363&amp;text&amp;app_absent=0\">WhatsApp<\/a>, <a href=\"skype:groupwebmedia ?chat\">Skype<\/a> vai <a href=\"https:\/\/t.me\/groupwebmedia\">Telegram<\/a> un izmantojiet zi\u0146u izplat\u012b\u0161anas priek\u0161roc\u012bbas Baltijas valst\u012bs.<\/p><h2><span style=\"color: #ff0000;\"><a style=\"color: #ff0000;\" href=\"https:\/\/baltic.news\/lv\/preses-relizes-izplatisanas-strategiskas-prieksrocibas-baltijas-valstis\/\">Preses rel\u012bzes izplat\u012b\u0161anas strat\u0113\u0123isk\u0101s priek\u0161roc\u012bbas Baltijas valst\u012bs<\/a> <\/span><\/h2><p>Pla\u0161sazi\u0146as l\u012bdzek\u013cu un komunik\u0101cijas savstarp\u0113ji saist\u012btaj\u0101 pasaul\u0113 preses rel\u012bzes kalpo k\u0101 b\u016btisks r\u012bks organiz\u0101cij\u0101m inform\u0101cijas izplat\u012b\u0161anai. Baltijas valstis ar savu unik\u0101lo st\u0101vokli Eirop\u0101 pied\u0101v\u0101 izteiktas priek\u0161roc\u012bbas preses rel\u012b\u017eu izplat\u012b\u0161anai. \u0160aj\u0101 esej\u0101 ir izkl\u0101st\u012bti ieguvumi no preses rel\u012b\u017eu izplat\u012b\u0161anas Igaunij\u0101, Latvij\u0101 un Lietuv\u0101, koncentr\u0113joties uz mediju redzam\u012bbu, ekonomisko izaugsmi un re\u0123ion\u0101lo ietekmi&#8230;<a href=\"https:\/\/baltic.news\/lv\/preses-relizes-izplatisanas-strategiskas-prieksrocibas-baltijas-valstis\/\">las\u012bt vair\u0101k<\/a><\/p>\t\t\t\t\t\t\t\t<\/div>\n\t\t\t\t<\/div>\n\t\t\t\t<\/div>\n\t\t<div class=\"elementor-element elementor-element-6b4d4ef3 e-con-full rb-sticky e-flex e-con e-child\" data-id=\"6b4d4ef3\" data-element_type=\"container\" data-e-type=\"container\">\n\t\t\t\t<div class=\"elementor-element elementor-element-7e47e2ee elementor-widget elementor-widget-foxiz-heading\" data-id=\"7e47e2ee\" data-element_type=\"widget\" data-e-type=\"widget\" data-widget_type=\"foxiz-heading.default\">\n\t\t\t\t<div class=\"elementor-widget-container\">\n\t\t\t\t\t<div id=\"uid_7e47e2ee\" class=\"block-h heading-layout-12\"><div class=\"heading-inner\"><h2 class=\"heading-title\"><span>Jaun\u0101k\u0101s zi\u0146as<\/span><\/h2><\/div><\/div>\t\t\t\t<\/div>\n\t\t\t\t<\/div>\n\t\t\t\t<div class=\"elementor-element elementor-element-26f00bb9 elementor-widget elementor-widget-foxiz-list-small-2\" data-id=\"26f00bb9\" data-element_type=\"widget\" data-e-type=\"widget\" data-widget_type=\"foxiz-list-small-2.default\">\n\t\t\t\t<div class=\"elementor-widget-container\">\n\t\t\t\t\t<div id=\"uid_26f00bb9\" class=\"block-wrap block-small block-list block-list-small-2 rb-columns rb-col-1 is-feat-left meta-s-default\"><div class=\"block-inner\">\t\t<div class=\"p-wrap p-small p-list-small-2\" data-pid=\"4449\">\r\n\t\t\t\t<div class=\"p-content\">\r\n\t\t\t<h5 class=\"entry-title\">\t\t<a class=\"p-url\" href=\"https:\/\/baltic.news\/lv\/latvija-danija-53-spele-noslegusies\/\" rel=\"bookmark\">\r\n\t\tLatvija \u2013 D\u0101nija 5:3 (SP\u0112LE NOSL\u0112GUSIES)\t\t<\/a>\r\n\t\t<\/h5>\t\t\t<div class=\"p-meta\">\r\n\t\t\t\t<div class=\"meta-inner is-meta\">\r\n\t\t\t\t\t\t\t<div class=\"meta-el meta-update\">\r\n\t\t\t\t\t\t<time\r\n\t\t\tclass=\"updated\"\t\t\tdatetime=\"2024-08-28T09:40:10+00:00\">August 28, 2024<\/time>\r\n\t\t<\/div>\r\n\t\t\t\t\t\t<\/div>\r\n\t\t\t\t\t\t\t<\/div>\r\n\t\t\t\t\t<\/div>\r\n\t\t\t\t<\/div>\r\n\t\t\t\t<div class=\"p-wrap p-small p-list-small-2\" data-pid=\"4448\">\r\n\t\t\t\t<div class=\"p-content\">\r\n\t\t\t<h5 class=\"entry-title\">\t\t<a class=\"p-url\" href=\"https:\/\/baltic.news\/lv\/igaunija-neapstiprinas-aizdomas-par-saslimsanu-ar-holeru\/\" rel=\"bookmark\">\r\n\t\tIgaunij\u0101 neapstiprin\u0101s aizdomas par saslim\u0161anu ar holeru\t\t<\/a>\r\n\t\t<\/h5>\t\t\t<div class=\"p-meta\">\r\n\t\t\t\t<div class=\"meta-inner is-meta\">\r\n\t\t\t\t\t\t\t<div class=\"meta-el meta-update\">\r\n\t\t\t\t\t\t<time\r\n\t\t\tclass=\"updated\"\t\t\tdatetime=\"2024-08-28T09:20:11+00:00\">August 28, 2024<\/time>\r\n\t\t<\/div>\r\n\t\t\t\t\t\t<\/div>\r\n\t\t\t\t\t\t\t<\/div>\r\n\t\t\t\t\t<\/div>\r\n\t\t\t\t<\/div>\r\n\t\t\t\t<div class=\"p-wrap p-small p-list-small-2\" data-pid=\"4447\">\r\n\t\t\t\t<div class=\"p-content\">\r\n\t\t\t<h5 class=\"entry-title\">\t\t<a class=\"p-url\" href=\"https:\/\/baltic.news\/lv\/lietuva-par-kandidatu-es-komisara-amatam-varetu-lemt-augusta-raksts\/\" rel=\"bookmark\">\r\n\t\tLietuva par kandid\u0101tu ES komis\u0101ra amatam var\u0113tu lemt august\u0101 \/ Raksts\t\t<\/a>\r\n\t\t<\/h5>\t\t\t<div class=\"p-meta\">\r\n\t\t\t\t<div class=\"meta-inner is-meta\">\r\n\t\t\t\t\t\t\t<div class=\"meta-el meta-update\">\r\n\t\t\t\t\t\t<time\r\n\t\t\tclass=\"updated\"\t\t\tdatetime=\"2024-08-28T09:10:11+00:00\">August 28, 2024<\/time>\r\n\t\t<\/div>\r\n\t\t\t\t\t\t<\/div>\r\n\t\t\t\t\t\t\t<\/div>\r\n\t\t\t\t\t<\/div>\r\n\t\t\t\t<\/div>\r\n\t\t\t\t<div class=\"p-wrap p-small p-list-small-2\" data-pid=\"4446\">\r\n\t\t\t\t<div class=\"p-content\">\r\n\t\t\t<h5 class=\"entry-title\">\t\t<a class=\"p-url\" href=\"https:\/\/baltic.news\/lv\/foto-%e2%9f%a9-riga-atklaj-baltija-pirmo-kapsulu-viesnicu\/\" rel=\"bookmark\">\r\n\t\tFOTO \u27e9 R\u012bg\u0101 atkl\u0101j Baltij\u0101 pirmo kapsulu viesn\u012bcu\t\t<\/a>\r\n\t\t<\/h5>\t\t\t<div class=\"p-meta\">\r\n\t\t\t\t<div class=\"meta-inner is-meta\">\r\n\t\t\t\t\t\t\t<div class=\"meta-el meta-update\">\r\n\t\t\t\t\t\t<time\r\n\t\t\tclass=\"updated\"\t\t\tdatetime=\"2024-08-28T09:00:17+00:00\">August 28, 2024<\/time>\r\n\t\t<\/div>\r\n\t\t\t\t\t\t<\/div>\r\n\t\t\t\t\t\t\t<\/div>\r\n\t\t\t\t\t<\/div>\r\n\t\t\t\t<\/div>\r\n\t\t\t\t<div class=\"p-wrap p-small p-list-small-2\" data-pid=\"4341\">\r\n\t\t\t\t<div class=\"p-content\">\r\n\t\t\t<h5 class=\"entry-title\">\t\t<a class=\"p-url\" href=\"https:\/\/baltic.news\/lv\/latvija-uzvar-un-izrauj-otro-vietu-grupa\/\" rel=\"bookmark\">\r\n\t\tLatvija uzvar un izrauj otro vietu grup\u0101\t\t<\/a>\r\n\t\t<\/h5>\t\t\t<div class=\"p-meta\">\r\n\t\t\t\t<div class=\"meta-inner is-meta\">\r\n\t\t\t\t\t\t\t<div class=\"meta-el meta-update\">\r\n\t\t\t\t\t\t<time\r\n\t\t\tclass=\"updated\"\t\t\tdatetime=\"2024-08-21T09:10:25+00:00\">August 21, 2024<\/time>\r\n\t\t<\/div>\r\n\t\t\t\t\t\t<\/div>\r\n\t\t\t\t\t\t\t<\/div>\r\n\t\t\t\t\t<\/div>\r\n\t\t\t\t<\/div>\r\n\t\t<\/div><\/div>\t\t\t\t<\/div>\n\t\t\t\t<\/div>\n\t\t\t\t<\/div>\n\t\t\t\t\t<\/div>\n\t\t\t\t<\/div>\n\t\t\t\t<\/div>\n\t\t","protected":false},"excerpt":{"rendered":"<p>Iesniedziet zi\u0146as vai preses izdevumus Preses pazi\u0146ojumu izplat\u012b\u0161ana pla\u0161sazi\u0146as l\u012bdzek\u013ciem Baltij\u0101: Igaunij\u0101, Latvij\u0101 un Lietuv\u0101 Baltic.News\u2122 sadarb\u012bb\u0101 ar EuropeNewswire.Net\u2122 nodro\u0161ina preses rel\u012b\u017eu izplat\u012b\u0161anu medijiem Baltijas valst\u012bs, tostarp Igaunij\u0101 un Latvij\u0101. un Lietuva un visa Eiropa. m\u0113s nog\u0101d\u0101sim j\u016bsu pazi\u0146ojumu presei potenci\u0101lajai auditorijai re\u0123ion\u0101. Izmantojiet preses rel\u012b\u017eu priek\u0161roc\u012bbas. Izmantojot m\u016bsu zi\u0146u izlaidumu izplat\u012b\u0161anu, j\u016bs ieg\u016bsit vair\u0101kas [&hellip;]<\/p>\n","protected":false},"author":1,"featured_media":0,"parent":0,"menu_order":0,"comment_status":"closed","ping_status":"closed","template":"","meta":{"footnotes":""},"class_list":["post-3190","page","type-page","status-publish"],"_links":{"self":[{"href":"https:\/\/baltic.news\/lv\/wp-json\/wp\/v2\/pages\/3190","targetHints":{"allow":["GET"]}}],"collection":[{"href":"https:\/\/baltic.news\/lv\/wp-json\/wp\/v2\/pages"}],"about":[{"href":"https:\/\/baltic.news\/lv\/wp-json\/wp\/v2\/types\/page"}],"author":[{"embeddable":true,"href":"https:\/\/baltic.news\/lv\/wp-json\/wp\/v2\/users\/1"}],"replies":[{"embeddable":true,"href":"https:\/\/baltic.news\/lv\/wp-json\/wp\/v2\/comments?post=3190"}],"version-history":[{"count":0,"href":"https:\/\/baltic.news\/lv\/wp-json\/wp\/v2\/pages\/3190\/revisions"}],"wp:attachment":[{"href":"https:\/\/baltic.news\/lv\/wp-json\/wp\/v2\/media?parent=3190"}],"curies":[{"name":"wp","href":"https:\/\/api.w.org\/{rel}","templated":true}]}}