{"id":3178,"date":"2024-06-29T17:37:30","date_gmt":"2024-06-29T17:37:30","guid":{"rendered":"https:\/\/baltic.news\/?page_id=3178"},"modified":"2024-07-03T18:33:02","modified_gmt":"2024-07-03T18:33:02","slug":"par-mums","status":"publish","type":"page","link":"https:\/\/baltic.news\/lv\/par-mums\/","title":{"rendered":"Par mums"},"content":{"rendered":"\t\t<div data-elementor-type=\"wp-page\" data-elementor-id=\"3178\" class=\"elementor elementor-3178 elementor-2309\">\n\t\t\t\t<div class=\"elementor-element elementor-element-149316d1 e-flex e-con-boxed e-con e-parent\" data-id=\"149316d1\" data-element_type=\"container\" data-e-type=\"container\">\n\t\t\t\t\t<div class=\"e-con-inner\">\n\t\t<div class=\"elementor-element elementor-element-433b9217 e-con-full e-flex e-con e-child\" data-id=\"433b9217\" data-element_type=\"container\" data-e-type=\"container\">\n\t\t\t\t<div class=\"elementor-element elementor-element-3e1d31ee elementor-widget elementor-widget-text-editor\" data-id=\"3e1d31ee\" data-element_type=\"widget\" data-e-type=\"widget\" data-widget_type=\"text-editor.default\">\n\t\t\t\t<div class=\"elementor-widget-container\">\n\t\t\t\t\t\t\t\t\t<h2>Par Baltic.News\u2122<\/h2><p>The Baltic.News\u2122 public\u0113 ikned\u0113\u013cas zi\u0146as par Baltijas taut\u0101m Igaunij\u0101, Latvij\u0101, Luthu\u0101nij\u0101 ar pla\u0161\u0101ku Eiropas zi\u0146u atspogu\u013cojumu un preses rel\u012b\u017eu izplat\u012b\u0161anu re\u0123iona medijiem. Lai sasniegtu Baltijas medijus, sazinieties ar mums, izmantojot \u0161\u0101das zi\u0146ojumapmai\u0146as lietotnes: <a href=\"https:\/\/api.whatsapp.com\/send\/?phone=18327162363&amp;text&amp;app_absent=0\">WhatsApp<\/a>, <a href=\"skype:groupwebmedia?chat\">Skype<\/a> vai <a href=\"https:\/\/t.me\/groupwebmedia\">Telegram<\/a>.<\/p><h2>Par Baltijas valst\u012bm<\/h2><h2><span style=\"color: #fe0000;\"><a style=\"color: #fe0000;\" href=\"https:\/\/baltic.news\/lv\/baltijas-valstis-strategiskais-pilars-eiropas-savieniba-un-eiropa\/\">Baltijas valstis: strat\u0113\u0123iskais p\u012bl\u0101rs Eiropas Savien\u012bb\u0101 un Eirop\u0101 <\/a> <\/span><\/h2><p>Baltijas valstis, kur\u0101s ietilpst Igaunija, Latvija un Lietuva, ir k\u013cuvu\u0161as par noz\u012bm\u012bgiem sp\u0113l\u0113t\u0101jiem Eiropas Savien\u012bb\u0101 (ES) un Eirop\u0101 kopum\u0101. To noz\u012bmi uzsver to strat\u0113\u0123isk\u0101 \u0123eopolitisk\u0101 atra\u0161an\u0101s vieta, sp\u0113c\u012bg\u0101 ekonomisk\u0101 izaugsme un akt\u012bva l\u012bdzdal\u012bba Eiropas liet\u0101s. Ir daudz\u0161\u0137aut\u0146ainas lomas, ko Baltijas valstis sp\u0113l\u0113 ES un Eirop\u0101. Tie ietver vi\u0146u ieguld\u012bjumu re\u0123ion\u0101l\u0101 dro\u0161\u012bb\u0101, ekonomiskaj\u0101 att\u012bst\u012bb\u0101 un politiskaj\u0101 stabilit\u0101t\u0113&#8230;<a href=\"https:\/\/baltic.news\/lv\/baltijas-valstis-strategiskais-pilars-eiropas-savieniba-un-eiropa\/\">las\u012bt vair\u0101k<\/a><\/p><h3>Igaunija<\/h3><h2><a href=\"https:\/\/baltic.news\/lv\/igaunijas-socialekonomika-un-geopolitika-eiropas-savieniba\/\"><span style=\"color: #ff0000;\">Igaunijas soci\u0101lekonomika un \u0123eopolitika Eiropas Savien\u012bb\u0101<\/span><\/a><\/h2><p>Igaunija, maza valsts ar nedaudz vair\u0101k nek\u0101 1,3 miljoniem iedz\u012bvot\u0101ju, liecina par dal\u012bbas Eiropas Savien\u012bb\u0101 (ES) p\u0101rveidojo\u0161o sp\u0113ku. Kop\u0161 pievieno\u0161an\u0101s ES 2004. gad\u0101 Igaunija ir izmantojusi savas poz\u012bcijas, lai uzlabotu savu soci\u0101li ekonomisko statusu un ie\u0146emtu noz\u012bm\u012bgu lomu Eiropas \u0123eopolitiskaj\u0101 ainav\u0101&#8230;.<a href=\"https:\/\/baltic.news\/lv\/igaunijas-socialekonomika-un-geopolitika-eiropas-savieniba\/\">Loe rohkem<\/a><\/p><h3>Latvija<\/h3><h2><a href=\"https:\/\/baltic.news\/lv\/latvijas-socialekonomika-un-geopolitika-eiropas-perspektiva\/\"><span style=\"color: #ff0000;\">Latvijas soci\u0101lekonomika un \u0123eopolitika: Eiropas perspekt\u012bva<\/span><\/a><\/h2><p>Latvija, n\u0101cija ar bag\u0101tu v\u0113sturi un strat\u0113\u0123isku atra\u0161an\u0101s vietu Baltij\u0101, savu soci\u0101li ekonomisko un \u0123eopolitisko ce\u013cu Eirop\u0101 ir nog\u0101jusi, labi apzinoties savu lomu un pien\u0101kumus. Kop\u0161 neatkar\u012bbas atg\u016b\u0161anas un iest\u0101\u0161an\u0101s Eiropas Savien\u012bb\u0101 (ES) 2004. gad\u0101 Latvija ir pie\u0146\u0113musi iesp\u0113jas un izaicin\u0101jumus, kas rodas, piederot liel\u0101kai Eiropas \u0123imenei\u2026<a href=\"https:\/\/baltic.news\/lv\/latvijas-socialekonomika-un-geopolitika-eiropas-perspektiva\">Las\u012bt vair\u0101k<\/a><\/p><h3>Lietuva<\/h3><h2><span style=\"color: #ff0000;\">Lietuvas ietekme uz Eiropu: soci\u0101li ekonomisk\u0101s un \u0123eopolitisk\u0101s perspekt\u012bvas<\/span><\/h2><p>Lietuvai, tautai ar st\u0101stu pag\u0101tni un dinamisku tagadni, ir unik\u0101la loma Eiropas soci\u0101li ekonomisk\u0101s un \u0123eopolitisk\u0101s ainavas veido\u0161an\u0101. Lietuvas k\u0101 Eiropas Savien\u012bbas (ES) dal\u012bbniecei un noz\u012bm\u012bgai dal\u012bbniecei Baltijas re\u0123ion\u0101 Lietuvas politikai un progresam ir vi\u013c\u0146ojo\u0161a ietekme vis\u0101 kontinent\u0101&#8230;<a href=\"https:\/\/baltic.news\/lv\/lietuvas-ietekme-uz-eiropu-sociali-ekonomiskas-un-geopolitiskas-perspektivas\/\">Las\u012bt vair\u0101k<\/a><\/p>\t\t\t\t\t\t\t\t<\/div>\n\t\t\t\t<\/div>\n\t\t\t\t<\/div>\n\t\t<div class=\"elementor-element elementor-element-255484a2 e-con-full rb-sticky e-flex e-con e-child\" data-id=\"255484a2\" data-element_type=\"container\" data-e-type=\"container\">\n\t\t\t\t<div class=\"elementor-element elementor-element-37be9d04 elementor-widget elementor-widget-foxiz-heading\" data-id=\"37be9d04\" data-element_type=\"widget\" data-e-type=\"widget\" data-widget_type=\"foxiz-heading.default\">\n\t\t\t\t<div class=\"elementor-widget-container\">\n\t\t\t\t\t<div id=\"uid_37be9d04\" class=\"block-h heading-layout-12\"><div class=\"heading-inner\"><h2 class=\"heading-title\"><span>Latest News<\/span><\/h2><\/div><\/div>\t\t\t\t<\/div>\n\t\t\t\t<\/div>\n\t\t\t\t<div class=\"elementor-element elementor-element-b729fe5 elementor-widget elementor-widget-foxiz-list-small-2\" data-id=\"b729fe5\" data-element_type=\"widget\" data-e-type=\"widget\" data-widget_type=\"foxiz-list-small-2.default\">\n\t\t\t\t<div class=\"elementor-widget-container\">\n\t\t\t\t\t<div id=\"uid_b729fe5\" class=\"block-wrap block-small block-list block-list-small-2 rb-columns rb-col-1 is-feat-left meta-s-default\"><div class=\"block-inner\">\t\t<div class=\"p-wrap p-small p-list-small-2\" data-pid=\"4449\">\r\n\t\t\t\t<div class=\"p-content\">\r\n\t\t\t<h5 class=\"entry-title\">\t\t<a class=\"p-url\" href=\"https:\/\/baltic.news\/lv\/latvija-danija-53-spele-noslegusies\/\" rel=\"bookmark\">\r\n\t\tLatvija \u2013 D\u0101nija 5:3 (SP\u0112LE NOSL\u0112GUSIES)\t\t<\/a>\r\n\t\t<\/h5>\t\t\t<div class=\"p-meta\">\r\n\t\t\t\t<div class=\"meta-inner is-meta\">\r\n\t\t\t\t\t\t\t<div class=\"meta-el meta-update\">\r\n\t\t\t\t\t\t<time\r\n\t\t\tclass=\"updated\"\t\t\tdatetime=\"2024-08-28T09:40:10+00:00\">August 28, 2024<\/time>\r\n\t\t<\/div>\r\n\t\t\t\t\t\t<\/div>\r\n\t\t\t\t\t\t\t<\/div>\r\n\t\t\t\t\t<\/div>\r\n\t\t\t\t<\/div>\r\n\t\t\t\t<div class=\"p-wrap p-small p-list-small-2\" data-pid=\"4448\">\r\n\t\t\t\t<div class=\"p-content\">\r\n\t\t\t<h5 class=\"entry-title\">\t\t<a class=\"p-url\" href=\"https:\/\/baltic.news\/lv\/igaunija-neapstiprinas-aizdomas-par-saslimsanu-ar-holeru\/\" rel=\"bookmark\">\r\n\t\tIgaunij\u0101 neapstiprin\u0101s aizdomas par saslim\u0161anu ar holeru\t\t<\/a>\r\n\t\t<\/h5>\t\t\t<div class=\"p-meta\">\r\n\t\t\t\t<div class=\"meta-inner is-meta\">\r\n\t\t\t\t\t\t\t<div class=\"meta-el meta-update\">\r\n\t\t\t\t\t\t<time\r\n\t\t\tclass=\"updated\"\t\t\tdatetime=\"2024-08-28T09:20:11+00:00\">August 28, 2024<\/time>\r\n\t\t<\/div>\r\n\t\t\t\t\t\t<\/div>\r\n\t\t\t\t\t\t\t<\/div>\r\n\t\t\t\t\t<\/div>\r\n\t\t\t\t<\/div>\r\n\t\t\t\t<div class=\"p-wrap p-small p-list-small-2\" data-pid=\"4447\">\r\n\t\t\t\t<div class=\"p-content\">\r\n\t\t\t<h5 class=\"entry-title\">\t\t<a class=\"p-url\" href=\"https:\/\/baltic.news\/lv\/lietuva-par-kandidatu-es-komisara-amatam-varetu-lemt-augusta-raksts\/\" rel=\"bookmark\">\r\n\t\tLietuva par kandid\u0101tu ES komis\u0101ra amatam var\u0113tu lemt august\u0101 \/ Raksts\t\t<\/a>\r\n\t\t<\/h5>\t\t\t<div class=\"p-meta\">\r\n\t\t\t\t<div class=\"meta-inner is-meta\">\r\n\t\t\t\t\t\t\t<div class=\"meta-el meta-update\">\r\n\t\t\t\t\t\t<time\r\n\t\t\tclass=\"updated\"\t\t\tdatetime=\"2024-08-28T09:10:11+00:00\">August 28, 2024<\/time>\r\n\t\t<\/div>\r\n\t\t\t\t\t\t<\/div>\r\n\t\t\t\t\t\t\t<\/div>\r\n\t\t\t\t\t<\/div>\r\n\t\t\t\t<\/div>\r\n\t\t\t\t<div class=\"p-wrap p-small p-list-small-2\" data-pid=\"4446\">\r\n\t\t\t\t<div class=\"p-content\">\r\n\t\t\t<h5 class=\"entry-title\">\t\t<a class=\"p-url\" href=\"https:\/\/baltic.news\/lv\/foto-%e2%9f%a9-riga-atklaj-baltija-pirmo-kapsulu-viesnicu\/\" rel=\"bookmark\">\r\n\t\tFOTO \u27e9 R\u012bg\u0101 atkl\u0101j Baltij\u0101 pirmo kapsulu viesn\u012bcu\t\t<\/a>\r\n\t\t<\/h5>\t\t\t<div class=\"p-meta\">\r\n\t\t\t\t<div class=\"meta-inner is-meta\">\r\n\t\t\t\t\t\t\t<div class=\"meta-el meta-update\">\r\n\t\t\t\t\t\t<time\r\n\t\t\tclass=\"updated\"\t\t\tdatetime=\"2024-08-28T09:00:17+00:00\">August 28, 2024<\/time>\r\n\t\t<\/div>\r\n\t\t\t\t\t\t<\/div>\r\n\t\t\t\t\t\t\t<\/div>\r\n\t\t\t\t\t<\/div>\r\n\t\t\t\t<\/div>\r\n\t\t\t\t<div class=\"p-wrap p-small p-list-small-2\" data-pid=\"4341\">\r\n\t\t\t\t<div class=\"p-content\">\r\n\t\t\t<h5 class=\"entry-title\">\t\t<a class=\"p-url\" href=\"https:\/\/baltic.news\/lv\/latvija-uzvar-un-izrauj-otro-vietu-grupa\/\" rel=\"bookmark\">\r\n\t\tLatvija uzvar un izrauj otro vietu grup\u0101\t\t<\/a>\r\n\t\t<\/h5>\t\t\t<div class=\"p-meta\">\r\n\t\t\t\t<div class=\"meta-inner is-meta\">\r\n\t\t\t\t\t\t\t<div class=\"meta-el meta-update\">\r\n\t\t\t\t\t\t<time\r\n\t\t\tclass=\"updated\"\t\t\tdatetime=\"2024-08-21T09:10:25+00:00\">August 21, 2024<\/time>\r\n\t\t<\/div>\r\n\t\t\t\t\t\t<\/div>\r\n\t\t\t\t\t\t\t<\/div>\r\n\t\t\t\t\t<\/div>\r\n\t\t\t\t<\/div>\r\n\t\t<\/div><\/div>\t\t\t\t<\/div>\n\t\t\t\t<\/div>\n\t\t\t\t<\/div>\n\t\t\t\t\t<\/div>\n\t\t\t\t<\/div>\n\t\t\t\t<\/div>\n\t\t","protected":false},"excerpt":{"rendered":"<p>Par Baltic.News\u2122 The Baltic.News\u2122 public\u0113 ikned\u0113\u013cas zi\u0146as par Baltijas taut\u0101m Igaunij\u0101, Latvij\u0101, Luthu\u0101nij\u0101 ar pla\u0161\u0101ku Eiropas zi\u0146u atspogu\u013cojumu un preses rel\u012b\u017eu izplat\u012b\u0161anu re\u0123iona medijiem. Lai sasniegtu Baltijas medijus, sazinieties ar mums, izmantojot \u0161\u0101das zi\u0146ojumapmai\u0146as lietotnes: WhatsApp, Skype vai Telegram. Par Baltijas valst\u012bm Baltijas valstis: strat\u0113\u0123iskais p\u012bl\u0101rs Eiropas Savien\u012bb\u0101 un Eirop\u0101 Baltijas valstis, kur\u0101s ietilpst Igaunija, [&hellip;]<\/p>\n","protected":false},"author":1,"featured_media":0,"parent":0,"menu_order":0,"comment_status":"closed","ping_status":"closed","template":"","meta":{"footnotes":""},"class_list":["post-3178","page","type-page","status-publish"],"_links":{"self":[{"href":"https:\/\/baltic.news\/lv\/wp-json\/wp\/v2\/pages\/3178","targetHints":{"allow":["GET"]}}],"collection":[{"href":"https:\/\/baltic.news\/lv\/wp-json\/wp\/v2\/pages"}],"about":[{"href":"https:\/\/baltic.news\/lv\/wp-json\/wp\/v2\/types\/page"}],"author":[{"embeddable":true,"href":"https:\/\/baltic.news\/lv\/wp-json\/wp\/v2\/users\/1"}],"replies":[{"embeddable":true,"href":"https:\/\/baltic.news\/lv\/wp-json\/wp\/v2\/comments?post=3178"}],"version-history":[{"count":0,"href":"https:\/\/baltic.news\/lv\/wp-json\/wp\/v2\/pages\/3178\/revisions"}],"wp:attachment":[{"href":"https:\/\/baltic.news\/lv\/wp-json\/wp\/v2\/media?parent=3178"}],"curies":[{"name":"wp","href":"https:\/\/api.w.org\/{rel}","templated":true}]}}