{"id":3191,"date":"2024-06-22T08:16:17","date_gmt":"2024-06-22T08:16:17","guid":{"rendered":"https:\/\/baltic.news\/?page_id=3191"},"modified":"2024-07-01T16:20:54","modified_gmt":"2024-07-01T16:20:54","slug":"pateikti-naujienas","status":"publish","type":"page","link":"https:\/\/baltic.news\/lt\/pateikti-naujienas\/","title":{"rendered":"Pateikti naujienas"},"content":{"rendered":"\t\t<div data-elementor-type=\"wp-page\" data-elementor-id=\"3191\" class=\"elementor elementor-3191 elementor-2\">\n\t\t\t\t<div class=\"elementor-element elementor-element-133cda68 e-flex e-con-boxed e-con e-parent\" data-id=\"133cda68\" data-element_type=\"container\" data-e-type=\"container\">\n\t\t\t\t\t<div class=\"e-con-inner\">\n\t\t<div class=\"elementor-element elementor-element-402fd4e8 e-con-full e-flex e-con e-child\" data-id=\"402fd4e8\" data-element_type=\"container\" data-e-type=\"container\">\n\t\t\t\t<div class=\"elementor-element elementor-element-1a1a8931 elementor-widget elementor-widget-text-editor\" data-id=\"1a1a8931\" data-element_type=\"widget\" data-e-type=\"widget\" data-widget_type=\"text-editor.default\">\n\t\t\t\t<div class=\"elementor-widget-container\">\n\t\t\t\t\t\t\t\t\t<h2 style=\"margin-bottom: 20px;\">Pateikite naujienas arba prane\u0161imus spaudai<\/h2><h2>Prane\u0161im\u0173 spaudai platinimas \u017einiasklaidai Baltijos \u0161alyse: Estijoje, Latvijoje ir Lietuvoje<\/h2><p>\u201eBaltic.News\u2122\u201c, kartu su <a href=\"https:\/\/www.europenewswire.net\/\">EuropeNewswire.Net\u2122<\/a>, platina prane\u0161imus spaudai Baltijos \u0161ali\u0173 \u017einiasklaidos priemon\u0117ms, \u012fskaitant Estij\u0105 ir Latvij\u0105. ir Lietuva, ir visa Europa. mes pateiksime j\u016bs\u0173 prane\u0161im\u0105 spaudai potencialiai auditorijai regione.<\/p><p>Pasinaudokite prane\u0161im\u0173 spaudai prana\u0161umais. Platindami naujienas, gausite kelet\u0105 privalum\u0173, pavyzd\u017eiui, padidinsite matomum\u0105, u\u017emegsite ry\u0161ius su \u017einiasklaida, reputacijos valdym\u0105, SEO prana\u0161umus, potencial\u0173 virusi\u0161kum\u0105, auditorijos pl\u0117tr\u0105, pardavim\u0173 ir srauto padid\u0117jim\u0105.<\/p><p>T\u0119sti prane\u0161im\u0173 spaudai platinim\u0105; susisiekite su mumis naudodami \u0161ias susira\u0161in\u0117jimo programas: <a href=\"https:\/\/api.whatsapp.com\/send\/?phone=18327162363&amp;text&amp;app_absent=0\">WhatsApp<\/a>, <a href=\"skype:groupwebmedia ?chat\">Skype<\/a> arba <a href=\"https:\/\/t.me\/groupwebmedia\">Telegram<\/a> ir pasinaudokite naujien\u0173 platinimo Baltijos \u0161alyse privalumais.<\/p><h2><span style=\"color: #ff0000;\"><a style=\"color: #ff0000;\" href=\"https:\/\/baltic.news\/lt\/pranesimu-spaudai-platinimo-baltijos-salyse-strateginiai-privalumai\/\">Prane\u0161im\u0173 spaudai platinimo Baltijos \u0161alyse strateginiai privalumai<\/a> <\/span><\/h2><p>\u017diniasklaidos ir komunikacijos tarpusavyje susijusiame pasaulyje prane\u0161imai spaudai yra gyvybi\u0161kai svarbi priemon\u0117 organizacijoms skleisti informacij\u0105. Baltijos \u0161alys, turin\u010dios unikali\u0105 pad\u0117t\u012f Europoje, turi ry\u0161ki\u0173 prana\u0161um\u0173 platinant prane\u0161imus spaudai. \u0160iame ra\u0161inyje apra\u0161oma prane\u0161im\u0173 spaudai platinimo Estijoje, Latvijoje ir Lietuvoje prana\u0161umai, daugiausia d\u0117mesio skiriant \u017einiasklaidos matomumui, ekonomikos augimui ir regioninei \u012ftakai&#8230;<a href=\"https:\/\/baltic.news\/lt\/pranesimu-spaudai-platinimo-baltijos-salyse-strateginiai-privalumai\/\">skaityti daugiau<\/a><\/p>\t\t\t\t\t\t\t\t<\/div>\n\t\t\t\t<\/div>\n\t\t\t\t<\/div>\n\t\t<div class=\"elementor-element elementor-element-6b4d4ef3 e-con-full rb-sticky e-flex e-con e-child\" data-id=\"6b4d4ef3\" data-element_type=\"container\" data-e-type=\"container\">\n\t\t\t\t<div class=\"elementor-element elementor-element-7e47e2ee elementor-widget elementor-widget-foxiz-heading\" data-id=\"7e47e2ee\" data-element_type=\"widget\" data-e-type=\"widget\" data-widget_type=\"foxiz-heading.default\">\n\t\t\t\t<div class=\"elementor-widget-container\">\n\t\t\t\t\t<div id=\"uid_7e47e2ee\" class=\"block-h heading-layout-12\"><div class=\"heading-inner\"><h2 class=\"heading-title\"><span>Naujausios naujienos<\/span><\/h2><\/div><\/div>\t\t\t\t<\/div>\n\t\t\t\t<\/div>\n\t\t\t\t<div class=\"elementor-element elementor-element-26f00bb9 elementor-widget elementor-widget-foxiz-list-small-2\" data-id=\"26f00bb9\" data-element_type=\"widget\" data-e-type=\"widget\" data-widget_type=\"foxiz-list-small-2.default\">\n\t\t\t\t<div class=\"elementor-widget-container\">\n\t\t\t\t\t<div id=\"uid_26f00bb9\" class=\"block-wrap block-small block-list block-list-small-2 rb-columns rb-col-1 is-feat-left meta-s-default\"><div class=\"block-inner\">\t\t<div class=\"p-wrap p-small p-list-small-2\" data-pid=\"5330\">\r\n\t\t\t\t<div class=\"p-content\">\r\n\t\t\t<h5 class=\"entry-title\">\t\t<a class=\"p-url\" href=\"https:\/\/baltic.news\/lt\/a-bilotaite-lietuva-gaus-es-finansine-parama-sienai-su-rusija-sustiprinti\/\" rel=\"bookmark\">\r\n\t\tA. Bilotait\u0117: Lietuva gaus ES finansin\u0119 param\u0105 sienai su Rusija sustiprinti\t\t<\/a>\r\n\t\t<\/h5>\t\t\t<div class=\"p-meta\">\r\n\t\t\t\t<div class=\"meta-inner is-meta\">\r\n\t\t\t\t\t\t\t<div class=\"meta-el meta-update\">\r\n\t\t\t\t\t\t<time\r\n\t\t\tclass=\"updated\"\t\t\tdatetime=\"2024-10-30T12:50:13+00:00\">2024 30 spalio<\/time>\r\n\t\t<\/div>\r\n\t\t\t\t\t\t<\/div>\r\n\t\t\t\t\t\t\t<\/div>\r\n\t\t\t\t\t<\/div>\r\n\t\t\t\t<\/div>\r\n\t\t\t\t<div class=\"p-wrap p-small p-list-small-2\" data-pid=\"5248\">\r\n\t\t\t\t<div class=\"p-content\">\r\n\t\t\t<h5 class=\"entry-title\">\t\t<a class=\"p-url\" href=\"https:\/\/baltic.news\/lt\/lietuva-trecia-es-pagal-mazu-ir-vidutiniu-imoniu-skaiciu-1-000-gyventoju\/\" rel=\"bookmark\">\r\n\t\tLietuva \u2013 tre\u010dia ES pagal ma\u017e\u0173 ir vidutini\u0173 \u012fmoni\u0173 skai\u010di\u0173 1.000 gyventoj\u0173\t\t<\/a>\r\n\t\t<\/h5>\t\t\t<div class=\"p-meta\">\r\n\t\t\t\t<div class=\"meta-inner is-meta\">\r\n\t\t\t\t\t\t\t<div class=\"meta-el meta-update\">\r\n\t\t\t\t\t\t<time\r\n\t\t\tclass=\"updated\"\t\t\tdatetime=\"2024-10-23T12:10:13+00:00\">2024 23 spalio<\/time>\r\n\t\t<\/div>\r\n\t\t\t\t\t\t<\/div>\r\n\t\t\t\t\t\t\t<\/div>\r\n\t\t\t\t\t<\/div>\r\n\t\t\t\t<\/div>\r\n\t\t\t\t<div class=\"p-wrap p-small p-list-small-2\" data-pid=\"4445\">\r\n\t\t\t\t<div class=\"p-content\">\r\n\t\t\t<h5 class=\"entry-title\">\t\t<a class=\"p-url\" href=\"https:\/\/baltic.news\/lt\/skubus-laiskas-lenkija-lietuva-latvija-ir-estija-reikalauja-lietuva-www-technologijos-lt\/\" rel=\"bookmark\">\r\n\t\tSkubus lai\u0161kas. Lenkija, Lietuva, Latvija ir Estija reikalauja :: Lietuva :: www.technologijos.lt\t\t<\/a>\r\n\t\t<\/h5>\t\t\t<div class=\"p-meta\">\r\n\t\t\t\t<div class=\"meta-inner is-meta\">\r\n\t\t\t\t\t\t\t<div class=\"meta-el meta-update\">\r\n\t\t\t\t\t\t<time\r\n\t\t\tclass=\"updated\"\t\t\tdatetime=\"2024-08-28T08:50:15+00:00\">2024 28 rugpj\u016b\u010dio<\/time>\r\n\t\t<\/div>\r\n\t\t\t\t\t\t<\/div>\r\n\t\t\t\t\t\t\t<\/div>\r\n\t\t\t\t\t<\/div>\r\n\t\t\t\t<\/div>\r\n\t\t\t\t<div class=\"p-wrap p-small p-list-small-2\" data-pid=\"4444\">\r\n\t\t\t\t<div class=\"p-content\">\r\n\t\t\t<h5 class=\"entry-title\">\t\t<a class=\"p-url\" href=\"https:\/\/baltic.news\/lt\/baltijos-saliu-vadovai-pasirase-deklaracija-remiancia-moldovos-stojima-i-es\/\" rel=\"bookmark\">\r\n\t\tBaltijos \u0161ali\u0173 vadovai pasira\u0161\u0117 deklaracij\u0105, remian\u010di\u0105 Moldovos stojim\u0105 \u012f ES\t\t<\/a>\r\n\t\t<\/h5>\t\t\t<div class=\"p-meta\">\r\n\t\t\t\t<div class=\"meta-inner is-meta\">\r\n\t\t\t\t\t\t\t<div class=\"meta-el meta-update\">\r\n\t\t\t\t\t\t<time\r\n\t\t\tclass=\"updated\"\t\t\tdatetime=\"2024-08-28T08:30:22+00:00\">2024 28 rugpj\u016b\u010dio<\/time>\r\n\t\t<\/div>\r\n\t\t\t\t\t\t<\/div>\r\n\t\t\t\t\t\t\t<\/div>\r\n\t\t\t\t\t<\/div>\r\n\t\t\t\t<\/div>\r\n\t\t\t\t<div class=\"p-wrap p-small p-list-small-2\" data-pid=\"4443\">\r\n\t\t\t\t<div class=\"p-content\">\r\n\t\t\t<h5 class=\"entry-title\">\t\t<a class=\"p-url\" href=\"https:\/\/baltic.news\/lt\/estija-grieztina-patikras-rusijos-pasienyje\/\" rel=\"bookmark\">\r\n\t\tEstija grie\u017etina patikras Rusijos pasienyje\t\t<\/a>\r\n\t\t<\/h5>\t\t\t<div class=\"p-meta\">\r\n\t\t\t\t<div class=\"meta-inner is-meta\">\r\n\t\t\t\t\t\t\t<div class=\"meta-el meta-update\">\r\n\t\t\t\t\t\t<time\r\n\t\t\tclass=\"updated\"\t\t\tdatetime=\"2024-08-28T08:20:14+00:00\">2024 28 rugpj\u016b\u010dio<\/time>\r\n\t\t<\/div>\r\n\t\t\t\t\t\t<\/div>\r\n\t\t\t\t\t\t\t<\/div>\r\n\t\t\t\t\t<\/div>\r\n\t\t\t\t<\/div>\r\n\t\t<\/div><\/div>\t\t\t\t<\/div>\n\t\t\t\t<\/div>\n\t\t\t\t<\/div>\n\t\t\t\t\t<\/div>\n\t\t\t\t<\/div>\n\t\t\t\t<\/div>\n\t\t","protected":false},"excerpt":{"rendered":"<p>Pateikite naujienas arba prane\u0161imus spaudai Prane\u0161im\u0173 spaudai platinimas \u017einiasklaidai Baltijos \u0161alyse: Estijoje, Latvijoje ir Lietuvoje \u201eBaltic.News\u2122\u201c, kartu su EuropeNewswire.Net\u2122, platina prane\u0161imus spaudai Baltijos \u0161ali\u0173 \u017einiasklaidos priemon\u0117ms, \u012fskaitant Estij\u0105 ir Latvij\u0105. ir Lietuva, ir visa Europa. mes pateiksime j\u016bs\u0173 prane\u0161im\u0105 spaudai potencialiai auditorijai regione. Pasinaudokite prane\u0161im\u0173 spaudai prana\u0161umais. Platindami naujienas, gausite kelet\u0105 privalum\u0173, pavyzd\u017eiui, padidinsite matomum\u0105, [&hellip;]<\/p>\n","protected":false},"author":1,"featured_media":0,"parent":0,"menu_order":0,"comment_status":"closed","ping_status":"closed","template":"","meta":{"footnotes":""},"class_list":["post-3191","page","type-page","status-publish"],"_links":{"self":[{"href":"https:\/\/baltic.news\/lt\/wp-json\/wp\/v2\/pages\/3191","targetHints":{"allow":["GET"]}}],"collection":[{"href":"https:\/\/baltic.news\/lt\/wp-json\/wp\/v2\/pages"}],"about":[{"href":"https:\/\/baltic.news\/lt\/wp-json\/wp\/v2\/types\/page"}],"author":[{"embeddable":true,"href":"https:\/\/baltic.news\/lt\/wp-json\/wp\/v2\/users\/1"}],"replies":[{"embeddable":true,"href":"https:\/\/baltic.news\/lt\/wp-json\/wp\/v2\/comments?post=3191"}],"version-history":[{"count":0,"href":"https:\/\/baltic.news\/lt\/wp-json\/wp\/v2\/pages\/3191\/revisions"}],"wp:attachment":[{"href":"https:\/\/baltic.news\/lt\/wp-json\/wp\/v2\/media?parent=3191"}],"curies":[{"name":"wp","href":"https:\/\/api.w.org\/{rel}","templated":true}]}}