{"id":3179,"date":"2024-06-29T17:37:30","date_gmt":"2024-06-29T17:37:30","guid":{"rendered":"https:\/\/baltic.news\/?page_id=3179"},"modified":"2024-07-03T19:06:05","modified_gmt":"2024-07-03T19:06:05","slug":"apie-mus","status":"publish","type":"page","link":"https:\/\/baltic.news\/lt\/apie-mus\/","title":{"rendered":"Apie mus"},"content":{"rendered":"\t\t<div data-elementor-type=\"wp-page\" data-elementor-id=\"3179\" class=\"elementor elementor-3179 elementor-2309\">\n\t\t\t\t<div class=\"elementor-element elementor-element-149316d1 e-flex e-con-boxed e-con e-parent\" data-id=\"149316d1\" data-element_type=\"container\" data-e-type=\"container\">\n\t\t\t\t\t<div class=\"e-con-inner\">\n\t\t<div class=\"elementor-element elementor-element-433b9217 e-con-full e-flex e-con e-child\" data-id=\"433b9217\" data-element_type=\"container\" data-e-type=\"container\">\n\t\t\t\t<div class=\"elementor-element elementor-element-3e1d31ee elementor-widget elementor-widget-text-editor\" data-id=\"3e1d31ee\" data-element_type=\"widget\" data-e-type=\"widget\" data-widget_type=\"text-editor.default\">\n\t\t\t\t<div class=\"elementor-widget-container\">\n\t\t\t\t\t\t\t\t\t<h2>Apie Baltic.News\u2122<\/h2><p>\u201eBaltic.News\u2122\u201c kas savait\u0119 skelbia naujienas apie Estijos, Latvijos, Luthuania Baltijos \u0161alis, pla\u010diau apr\u0117piant Europos naujienas, spaudai platinant prane\u0161imus regiono \u017einiasklaidai. Nor\u0117dami pasiekti Baltijos \u0161ali\u0173 \u017einiasklaid\u0105, susisiekite su mumis naudodami \u0161ias susira\u0161in\u0117jimo program\u0117les: <a href=\"https:\/\/api.whatsapp.com\/send\/?phone=18327162363&amp;text&amp;app_absent=0\">WhatsApp<\/a>, <a href=\"skype:groupwebmedia?chat\">Skype<\/a> arba <a href=\"https:\/\/t.me\/groupwebmedia\">Telegram<\/a>.<\/p><h2>Apie Baltijos \u0161alis<\/h2><h2><span style=\"color: #fe0000;\"><a style=\"color: #fe0000;\" href=\"https:\/\/baltic.news\/lt\/baltijos-salys-strateginis-ramstis-europos-sajungoje-ir-europoje\/\">Baltijos \u0161alys: strateginis ramstis Europos S\u0105jungoje ir Europoje <\/a> <\/span><\/h2><p>Baltijos \u0161alys, apiman\u010dios Estij\u0105, Latvij\u0105 ir Lietuv\u0105, tapo reik\u0161mingomis \u017eaid\u0117jomis Europos S\u0105jungoje (ES) ir Europoje apskritai. J\u0173 strategin\u0117 geopolitin\u0117 pad\u0117tis, tvirtas ekonomikos augimas ir aktyvus dalyvavimas Europos reikaluose pabr\u0117\u017eia j\u0173 svarb\u0105. Baltijos valstyb\u0117s vaidina \u012fvairiapus\u012f vaidmen\u012f ES ir Europoje. Tai j\u0173 ind\u0117lis \u012f regiono saugum\u0105, ekonomikos vystym\u0105si ir politin\u012f stabilum\u0105&#8230;<a href=\"https:\/\/baltic.news\/lt\/baltijos-salys-strateginis-ramstis-europos-sajungoje-ir-europoje\/\">skaitykite daugiau<\/a><\/p><h3>Estija<\/h3><h2><span style=\"color: #ff0000;\"><a style=\"color: #ff0000;\" href=\"https:\/\/baltic.news\/lt\/estijos-socialine-ekonomika-ir-geopolitika-europos-sajungoje\/\">Estijos socialin\u0117-ekonomika ir geopolitika Europos S\u0105jungoje<\/a><\/span><\/h2><p>Estija, nedidel\u0117 tauta, turinti kiek daugiau nei 1,3 mln. gyventoj\u0173, liudija naryst\u0117s Europos S\u0105jungoje (ES) transformuojan\u010di\u0105 gali\u0105. Nuo \u012fstojimo \u012f ES 2004 m. Estija i\u0161naudojo savo pozicijas, kad sustiprint\u0173 savo socialin\u012f ir ekonomin\u012f status\u0105 ir atlikt\u0173 svarb\u0173 vaidmen\u012f Europos geopolitiniame kra\u0161tovaizdyje&#8230;.<a href=\"https:\/\/baltic.news\/lt\/estijos-socialine-ekonomika-ir-geopolitika-europos-sajungoje\/\">Skaityti daugiau<\/a><\/p><h3>Latvija<\/h3><h2><a href=\"https:\/\/baltic.news\/lt\/latvijos-socialine-ekonomika-ir-geopolitika-europos-perspektyva\/\"><span style=\"color: #ff0000;\">Latvijos socialin\u0117-ekonomika ir geopolitika: Europos perspektyva<\/span><\/a><\/h2><p>Latvija, turtinga istorija ir strategi\u0161kai i\u0161sid\u0117s\u010diusi Baltijos \u0161alyse tauta, savo socialiniu, ekonominiu ir geopolitiniu keliu nu\u0117jo Europoje, puikiai suvokdama savo vaidmen\u012f ir atsakomyb\u0119. Po nepriklausomyb\u0117s atgavimo ir \u012fstojimo \u012f Europos S\u0105jung\u0105 (ES) 2004 m. Latvija pasinaudojo galimyb\u0117mis ir i\u0161\u0161\u016bkiais, kurie atsiranda priklausant didesnei Europos \u0161eimai&#8230;.<a href=\"https:\/\/baltic.news\/lt\/latvijos-socialine-ekonomika-ir-geopolitika-europos-perspektyva\/\">Skaityti daugiau<\/a><\/p><h3>Lietuva<\/h3><h2><a href=\"https:\/\/baltic.news\/lt\/lietuvos-itaka-europai-socialines-ekonomines-ir-geopolitines-perspektyvos\/\"><span style=\"color: #ff0000;\">Lietuvos \u012ftaka Europai: socialin\u0117s, ekonomin\u0117s ir geopolitin\u0117s perspektyvos<\/span><\/a><\/h2><p>Lietuva \u2013 tauta, turinti istorin\u0119 praeit\u012f ir dinami\u0161k\u0105 dabart\u012f, vaidina unikal\u0173 vaidmen\u012f formuojant socialin\u012f, ekonomin\u012f ir geopolitin\u012f Europos kra\u0161tovaizd\u012f. B\u016bdama Europos S\u0105jungos (ES) nare ir svarbia Baltijos regiono veik\u0117ja, Lietuvos politika ir pa\u017eanga daro \u012ftak\u0105 visame \u017eemyne&#8230;.<a href=\"https:\/\/baltic.news\/lt\/lietuvos-itaka-europai-socialines-ekonomines-ir-geopolitines-perspektyvos\/\">Skaityti daugiau<\/a><\/p>\t\t\t\t\t\t\t\t<\/div>\n\t\t\t\t<\/div>\n\t\t\t\t<\/div>\n\t\t<div class=\"elementor-element elementor-element-255484a2 e-con-full rb-sticky e-flex e-con e-child\" data-id=\"255484a2\" data-element_type=\"container\" data-e-type=\"container\">\n\t\t\t\t<div class=\"elementor-element elementor-element-37be9d04 elementor-widget elementor-widget-foxiz-heading\" data-id=\"37be9d04\" data-element_type=\"widget\" data-e-type=\"widget\" data-widget_type=\"foxiz-heading.default\">\n\t\t\t\t<div class=\"elementor-widget-container\">\n\t\t\t\t\t<div id=\"uid_37be9d04\" class=\"block-h heading-layout-12\"><div class=\"heading-inner\"><h2 class=\"heading-title\"><span>Naujausios naujienos<\/span><\/h2><\/div><\/div>\t\t\t\t<\/div>\n\t\t\t\t<\/div>\n\t\t\t\t<div class=\"elementor-element elementor-element-b729fe5 elementor-widget elementor-widget-foxiz-list-small-2\" data-id=\"b729fe5\" data-element_type=\"widget\" data-e-type=\"widget\" data-widget_type=\"foxiz-list-small-2.default\">\n\t\t\t\t<div class=\"elementor-widget-container\">\n\t\t\t\t\t<div id=\"uid_b729fe5\" class=\"block-wrap block-small block-list block-list-small-2 rb-columns rb-col-1 is-feat-left meta-s-default\"><div class=\"block-inner\">\t\t<div class=\"p-wrap p-small p-list-small-2\" data-pid=\"5330\">\r\n\t\t\t\t<div class=\"p-content\">\r\n\t\t\t<h5 class=\"entry-title\">\t\t<a class=\"p-url\" href=\"https:\/\/baltic.news\/lt\/a-bilotaite-lietuva-gaus-es-finansine-parama-sienai-su-rusija-sustiprinti\/\" rel=\"bookmark\">\r\n\t\tA. Bilotait\u0117: Lietuva gaus ES finansin\u0119 param\u0105 sienai su Rusija sustiprinti\t\t<\/a>\r\n\t\t<\/h5>\t\t\t<div class=\"p-meta\">\r\n\t\t\t\t<div class=\"meta-inner is-meta\">\r\n\t\t\t\t\t\t\t<div class=\"meta-el meta-update\">\r\n\t\t\t\t\t\t<time\r\n\t\t\tclass=\"updated\"\t\t\tdatetime=\"2024-10-30T12:50:13+00:00\">2024 30 spalio<\/time>\r\n\t\t<\/div>\r\n\t\t\t\t\t\t<\/div>\r\n\t\t\t\t\t\t\t<\/div>\r\n\t\t\t\t\t<\/div>\r\n\t\t\t\t<\/div>\r\n\t\t\t\t<div class=\"p-wrap p-small p-list-small-2\" data-pid=\"5248\">\r\n\t\t\t\t<div class=\"p-content\">\r\n\t\t\t<h5 class=\"entry-title\">\t\t<a class=\"p-url\" href=\"https:\/\/baltic.news\/lt\/lietuva-trecia-es-pagal-mazu-ir-vidutiniu-imoniu-skaiciu-1-000-gyventoju\/\" rel=\"bookmark\">\r\n\t\tLietuva \u2013 tre\u010dia ES pagal ma\u017e\u0173 ir vidutini\u0173 \u012fmoni\u0173 skai\u010di\u0173 1.000 gyventoj\u0173\t\t<\/a>\r\n\t\t<\/h5>\t\t\t<div class=\"p-meta\">\r\n\t\t\t\t<div class=\"meta-inner is-meta\">\r\n\t\t\t\t\t\t\t<div class=\"meta-el meta-update\">\r\n\t\t\t\t\t\t<time\r\n\t\t\tclass=\"updated\"\t\t\tdatetime=\"2024-10-23T12:10:13+00:00\">2024 23 spalio<\/time>\r\n\t\t<\/div>\r\n\t\t\t\t\t\t<\/div>\r\n\t\t\t\t\t\t\t<\/div>\r\n\t\t\t\t\t<\/div>\r\n\t\t\t\t<\/div>\r\n\t\t\t\t<div class=\"p-wrap p-small p-list-small-2\" data-pid=\"4445\">\r\n\t\t\t\t<div class=\"p-content\">\r\n\t\t\t<h5 class=\"entry-title\">\t\t<a class=\"p-url\" href=\"https:\/\/baltic.news\/lt\/skubus-laiskas-lenkija-lietuva-latvija-ir-estija-reikalauja-lietuva-www-technologijos-lt\/\" rel=\"bookmark\">\r\n\t\tSkubus lai\u0161kas. Lenkija, Lietuva, Latvija ir Estija reikalauja :: Lietuva :: www.technologijos.lt\t\t<\/a>\r\n\t\t<\/h5>\t\t\t<div class=\"p-meta\">\r\n\t\t\t\t<div class=\"meta-inner is-meta\">\r\n\t\t\t\t\t\t\t<div class=\"meta-el meta-update\">\r\n\t\t\t\t\t\t<time\r\n\t\t\tclass=\"updated\"\t\t\tdatetime=\"2024-08-28T08:50:15+00:00\">2024 28 rugpj\u016b\u010dio<\/time>\r\n\t\t<\/div>\r\n\t\t\t\t\t\t<\/div>\r\n\t\t\t\t\t\t\t<\/div>\r\n\t\t\t\t\t<\/div>\r\n\t\t\t\t<\/div>\r\n\t\t\t\t<div class=\"p-wrap p-small p-list-small-2\" data-pid=\"4444\">\r\n\t\t\t\t<div class=\"p-content\">\r\n\t\t\t<h5 class=\"entry-title\">\t\t<a class=\"p-url\" href=\"https:\/\/baltic.news\/lt\/baltijos-saliu-vadovai-pasirase-deklaracija-remiancia-moldovos-stojima-i-es\/\" rel=\"bookmark\">\r\n\t\tBaltijos \u0161ali\u0173 vadovai pasira\u0161\u0117 deklaracij\u0105, remian\u010di\u0105 Moldovos stojim\u0105 \u012f ES\t\t<\/a>\r\n\t\t<\/h5>\t\t\t<div class=\"p-meta\">\r\n\t\t\t\t<div class=\"meta-inner is-meta\">\r\n\t\t\t\t\t\t\t<div class=\"meta-el meta-update\">\r\n\t\t\t\t\t\t<time\r\n\t\t\tclass=\"updated\"\t\t\tdatetime=\"2024-08-28T08:30:22+00:00\">2024 28 rugpj\u016b\u010dio<\/time>\r\n\t\t<\/div>\r\n\t\t\t\t\t\t<\/div>\r\n\t\t\t\t\t\t\t<\/div>\r\n\t\t\t\t\t<\/div>\r\n\t\t\t\t<\/div>\r\n\t\t\t\t<div class=\"p-wrap p-small p-list-small-2\" data-pid=\"4443\">\r\n\t\t\t\t<div class=\"p-content\">\r\n\t\t\t<h5 class=\"entry-title\">\t\t<a class=\"p-url\" href=\"https:\/\/baltic.news\/lt\/estija-grieztina-patikras-rusijos-pasienyje\/\" rel=\"bookmark\">\r\n\t\tEstija grie\u017etina patikras Rusijos pasienyje\t\t<\/a>\r\n\t\t<\/h5>\t\t\t<div class=\"p-meta\">\r\n\t\t\t\t<div class=\"meta-inner is-meta\">\r\n\t\t\t\t\t\t\t<div class=\"meta-el meta-update\">\r\n\t\t\t\t\t\t<time\r\n\t\t\tclass=\"updated\"\t\t\tdatetime=\"2024-08-28T08:20:14+00:00\">2024 28 rugpj\u016b\u010dio<\/time>\r\n\t\t<\/div>\r\n\t\t\t\t\t\t<\/div>\r\n\t\t\t\t\t\t\t<\/div>\r\n\t\t\t\t\t<\/div>\r\n\t\t\t\t<\/div>\r\n\t\t<\/div><\/div>\t\t\t\t<\/div>\n\t\t\t\t<\/div>\n\t\t\t\t<\/div>\n\t\t\t\t\t<\/div>\n\t\t\t\t<\/div>\n\t\t\t\t<\/div>\n\t\t","protected":false},"excerpt":{"rendered":"<p>Apie Baltic.News\u2122 \u201eBaltic.News\u2122\u201c kas savait\u0119 skelbia naujienas apie Estijos, Latvijos, Luthuania Baltijos \u0161alis, pla\u010diau apr\u0117piant Europos naujienas, spaudai platinant prane\u0161imus regiono \u017einiasklaidai. Nor\u0117dami pasiekti Baltijos \u0161ali\u0173 \u017einiasklaid\u0105, susisiekite su mumis naudodami \u0161ias susira\u0161in\u0117jimo program\u0117les: WhatsApp, Skype arba Telegram. Apie Baltijos \u0161alis Baltijos \u0161alys: strateginis ramstis Europos S\u0105jungoje ir Europoje Baltijos \u0161alys, apiman\u010dios Estij\u0105, Latvij\u0105 ir [&hellip;]<\/p>\n","protected":false},"author":1,"featured_media":0,"parent":0,"menu_order":0,"comment_status":"closed","ping_status":"closed","template":"","meta":{"footnotes":""},"class_list":["post-3179","page","type-page","status-publish"],"_links":{"self":[{"href":"https:\/\/baltic.news\/lt\/wp-json\/wp\/v2\/pages\/3179","targetHints":{"allow":["GET"]}}],"collection":[{"href":"https:\/\/baltic.news\/lt\/wp-json\/wp\/v2\/pages"}],"about":[{"href":"https:\/\/baltic.news\/lt\/wp-json\/wp\/v2\/types\/page"}],"author":[{"embeddable":true,"href":"https:\/\/baltic.news\/lt\/wp-json\/wp\/v2\/users\/1"}],"replies":[{"embeddable":true,"href":"https:\/\/baltic.news\/lt\/wp-json\/wp\/v2\/comments?post=3179"}],"version-history":[{"count":0,"href":"https:\/\/baltic.news\/lt\/wp-json\/wp\/v2\/pages\/3179\/revisions"}],"wp:attachment":[{"href":"https:\/\/baltic.news\/lt\/wp-json\/wp\/v2\/media?parent=3179"}],"curies":[{"name":"wp","href":"https:\/\/api.w.org\/{rel}","templated":true}]}}