{"id":3189,"date":"2024-06-22T08:16:17","date_gmt":"2024-06-22T08:16:17","guid":{"rendered":"https:\/\/baltic.news\/?page_id=3189"},"modified":"2024-07-01T16:15:26","modified_gmt":"2024-07-01T16:15:26","slug":"esitage-uudised","status":"publish","type":"page","link":"https:\/\/baltic.news\/et\/esitage-uudised\/","title":{"rendered":"Esitage uudised"},"content":{"rendered":"\t\t<div data-elementor-type=\"wp-page\" data-elementor-id=\"3189\" class=\"elementor elementor-3189 elementor-2\">\n\t\t\t\t<div class=\"elementor-element elementor-element-133cda68 e-flex e-con-boxed e-con e-parent\" data-id=\"133cda68\" data-element_type=\"container\" data-e-type=\"container\">\n\t\t\t\t\t<div class=\"e-con-inner\">\n\t\t<div class=\"elementor-element elementor-element-402fd4e8 e-con-full e-flex e-con e-child\" data-id=\"402fd4e8\" data-element_type=\"container\" data-e-type=\"container\">\n\t\t\t\t<div class=\"elementor-element elementor-element-1a1a8931 elementor-widget elementor-widget-text-editor\" data-id=\"1a1a8931\" data-element_type=\"widget\" data-e-type=\"widget\" data-widget_type=\"text-editor.default\">\n\t\t\t\t<div class=\"elementor-widget-container\">\n\t\t\t\t\t\t\t\t\t<h2 style=\"margin-bottom: 20px;\">Esitage uudiseid v\u00f5i pressiteateid<\/h2><h2>Pressiteadete levitamine meediale Baltikumis: Eesti, L\u00e4ti ja Leedu<\/h2><p>Baltic.News\u2122 jagab koost\u00f6\u00f6s <a href=\"https:\/\/www.europenewswire.net\/\">EuropeNewswire.Net\u2122<\/a> pressiteateid Balti riikide, sealhulgas Eesti ja L\u00e4ti meediav\u00e4ljaannetele ja Leedu ja kogu Euroopa. edastame teie pressiteate piirkonna potentsiaalsele publikule.<\/p><p>Kasutage pressiteadete eeliseid. Meie pressiteadete levitamisega saate mitmeid eeliseid, nagu n\u00e4htavuse suurendamine, meediasuhete loomine, mainehaldus, SEO eelised, potentsiaalne viraalsus, vaatajaskonna laienemine, m\u00fc\u00fck ja liikluse kasv.<\/p><p>J\u00e4tkake pressiteadete levitamist; v\u00f5tke meiega \u00fchendust nende s\u00f5numsiderakenduste kaudu: <a href=\"https:\/\/api.whatsapp.com\/send\/?phone=18327162363&amp;text&amp;app_absent=0\">WhatsApp<\/a>, <a href=\"skype:groupwebmedia ?chat\">Skype<\/a> v\u00f5i <a href=\"https:\/\/t.me\/groupwebmedia\">Telegram<\/a> ja kasutage uudiste levitamise eeliseid Balti riikidesse.<\/p><h2><span style=\"color: #ff0000;\"><a style=\"color: #ff0000;\" href=\"https:\/\/baltic.news\/et\/pressiteadete-levitamise-strateegilised-eelised-balti-riikides\/\">Pressiteadete levitamise strateegilised eelised Balti riikides<\/a> <\/span><\/h2><p>Meedia ja kommunikatsiooni omavahel seotud maailmas on pressiteated organisatsioonide jaoks teabe levitamise oluliseks vahendiks. Balti riigid oma ainulaadse positsiooniga Euroopas pakuvad pressiteadete levitamisel selgeid eeliseid. Selles essees kirjeldatakse pressiteadete levitamise eeliseid Eestis, L\u00e4tis ja Leedus, keskendudes meedia n\u00e4htavusele, majanduskasvule ja piirkondlikule m\u00f5jule&#8230;<a href=\"https:\/\/baltic.news\/et\/pressiteadete-levitamise-strateegilised-eelised-balti-riikides\/\">loe edasi<\/a><\/p>\t\t\t\t\t\t\t\t<\/div>\n\t\t\t\t<\/div>\n\t\t\t\t<\/div>\n\t\t<div class=\"elementor-element elementor-element-6b4d4ef3 e-con-full rb-sticky e-flex e-con e-child\" data-id=\"6b4d4ef3\" data-element_type=\"container\" data-e-type=\"container\">\n\t\t\t\t<div class=\"elementor-element elementor-element-7e47e2ee elementor-widget elementor-widget-foxiz-heading\" data-id=\"7e47e2ee\" data-element_type=\"widget\" data-e-type=\"widget\" data-widget_type=\"foxiz-heading.default\">\n\t\t\t\t<div class=\"elementor-widget-container\">\n\t\t\t\t\t<div id=\"uid_7e47e2ee\" class=\"block-h heading-layout-12\"><div class=\"heading-inner\"><h2 class=\"heading-title\"><span>Viimased uudised<\/span><\/h2><\/div><\/div>\t\t\t\t<\/div>\n\t\t\t\t<\/div>\n\t\t\t\t<div class=\"elementor-element elementor-element-26f00bb9 elementor-widget elementor-widget-foxiz-list-small-2\" data-id=\"26f00bb9\" data-element_type=\"widget\" data-e-type=\"widget\" data-widget_type=\"foxiz-list-small-2.default\">\n\t\t\t\t<div class=\"elementor-widget-container\">\n\t\t\t\t\t<div id=\"uid_26f00bb9\" class=\"block-wrap block-small block-list block-list-small-2 rb-columns rb-col-1 is-feat-left meta-s-default\"><div class=\"block-inner\">\t\t<div class=\"p-wrap p-small p-list-small-2\" data-pid=\"4453\">\r\n\t\t\t\t<div class=\"p-content\">\r\n\t\t\t<h5 class=\"entry-title\">\t\t<a class=\"p-url\" href=\"https:\/\/baltic.news\/et\/leedu-poliitikud-kritiseerisid-teravalt-ungari-kaitumist-euroopa-liidus-valismaa\/\" rel=\"bookmark\">\r\n\t\tLeedu poliitikud kritiseerisid teravalt Ungari k\u00e4itumist Euroopa Liidus | V\u00e4lismaa\t\t<\/a>\r\n\t\t<\/h5>\t\t\t<div class=\"p-meta\">\r\n\t\t\t\t<div class=\"meta-inner is-meta\">\r\n\t\t\t\t\t\t\t<div class=\"meta-el meta-update\">\r\n\t\t\t\t\t\t<time\r\n\t\t\tclass=\"updated\"\t\t\tdatetime=\"2024-08-28T10:30:18+00:00\">28. aug. 2024<\/time>\r\n\t\t<\/div>\r\n\t\t\t\t\t\t<\/div>\r\n\t\t\t\t\t\t\t<\/div>\r\n\t\t\t\t\t<\/div>\r\n\t\t\t\t<\/div>\r\n\t\t\t\t<div class=\"p-wrap p-small p-list-small-2\" data-pid=\"4452\">\r\n\t\t\t\t<div class=\"p-content\">\r\n\t\t\t<h5 class=\"entry-title\">\t\t<a class=\"p-url\" href=\"https:\/\/baltic.news\/et\/leedu-kaalub-vene-keeles-opetamise-lopetamist\/\" rel=\"bookmark\">\r\n\t\tLeedu kaalub vene keeles \u00f5petamise l\u00f5petamist\t\t<\/a>\r\n\t\t<\/h5>\t\t\t<div class=\"p-meta\">\r\n\t\t\t\t<div class=\"meta-inner is-meta\">\r\n\t\t\t\t\t\t\t<div class=\"meta-el meta-update\">\r\n\t\t\t\t\t\t<time\r\n\t\t\tclass=\"updated\"\t\t\tdatetime=\"2024-08-28T10:10:13+00:00\">28. aug. 2024<\/time>\r\n\t\t<\/div>\r\n\t\t\t\t\t\t<\/div>\r\n\t\t\t\t\t\t\t<\/div>\r\n\t\t\t\t\t<\/div>\r\n\t\t\t\t<\/div>\r\n\t\t\t\t<div class=\"p-wrap p-small p-list-small-2\" data-pid=\"4451\">\r\n\t\t\t\t<div class=\"p-content\">\r\n\t\t\t<h5 class=\"entry-title\">\t\t<a class=\"p-url\" href=\"https:\/\/baltic.news\/et\/president-karis-moldova-rahvale-eli-pereliikmeks-saamine-oli-mitte-ainult-oige-vaid-ka-parim-valik-eestile-eesti-elu\/\" rel=\"bookmark\">\r\n\t\tPresident Karis Moldova rahvale: ELi pereliikmeks saamine oli mitte ainult \u00f5ige, vaid ka parim valik Eestile \u2013 Eesti elu\t\t<\/a>\r\n\t\t<\/h5>\t\t\t<div class=\"p-meta\">\r\n\t\t\t\t<div class=\"meta-inner is-meta\">\r\n\t\t\t\t\t\t\t<div class=\"meta-el meta-update\">\r\n\t\t\t\t\t\t<time\r\n\t\t\tclass=\"updated\"\t\t\tdatetime=\"2024-08-28T10:00:15+00:00\">28. aug. 2024<\/time>\r\n\t\t<\/div>\r\n\t\t\t\t\t\t<\/div>\r\n\t\t\t\t\t\t\t<\/div>\r\n\t\t\t\t\t<\/div>\r\n\t\t\t\t<\/div>\r\n\t\t\t\t<div class=\"p-wrap p-small p-list-small-2\" data-pid=\"4450\">\r\n\t\t\t\t<div class=\"p-content\">\r\n\t\t\t<h5 class=\"entry-title\">\t\t<a class=\"p-url\" href=\"https:\/\/baltic.news\/et\/lati-keelas-valgevene-numbritega-autode-sissesoidu-valgevene-opositsiooni-hinnangul-toetab-see-lukasenka-reziimi\/\" rel=\"bookmark\">\r\n\t\tL\u00e4ti keelas Valgevene numbritega autode sisses\u00f5idu &#8211; Valgevene opositsiooni hinnangul toetab see Luka\u0161enka re\u017eiimi\t\t<\/a>\r\n\t\t<\/h5>\t\t\t<div class=\"p-meta\">\r\n\t\t\t\t<div class=\"meta-inner is-meta\">\r\n\t\t\t\t\t\t\t<div class=\"meta-el meta-update\">\r\n\t\t\t\t\t\t<time\r\n\t\t\tclass=\"updated\"\t\t\tdatetime=\"2024-08-28T09:50:12+00:00\">28. aug. 2024<\/time>\r\n\t\t<\/div>\r\n\t\t\t\t\t\t<\/div>\r\n\t\t\t\t\t\t\t<\/div>\r\n\t\t\t\t\t<\/div>\r\n\t\t\t\t<\/div>\r\n\t\t\t\t<div class=\"p-wrap p-small p-list-small-2\" data-pid=\"4345\">\r\n\t\t\t\t<div class=\"p-content\">\r\n\t\t\t<h5 class=\"entry-title\">\t\t<a class=\"p-url\" href=\"https:\/\/baltic.news\/et\/eesti-kinnisvara-uuri-ja-ostuhinnad-on-kasvanud-kiiremini-kui-mujal-euroopa-liidus\/\" rel=\"bookmark\">\r\n\t\tEesti kinnisvara \u00fc\u00fcri- ja ostuhinnad on kasvanud kiiremini kui mujal Euroopa Liidus\t\t<\/a>\r\n\t\t<\/h5>\t\t\t<div class=\"p-meta\">\r\n\t\t\t\t<div class=\"meta-inner is-meta\">\r\n\t\t\t\t\t\t\t<div class=\"meta-el meta-update\">\r\n\t\t\t\t\t\t<time\r\n\t\t\tclass=\"updated\"\t\t\tdatetime=\"2024-08-21T10:00:24+00:00\">21. aug. 2024<\/time>\r\n\t\t<\/div>\r\n\t\t\t\t\t\t<\/div>\r\n\t\t\t\t\t\t\t<\/div>\r\n\t\t\t\t\t<\/div>\r\n\t\t\t\t<\/div>\r\n\t\t<\/div><\/div>\t\t\t\t<\/div>\n\t\t\t\t<\/div>\n\t\t\t\t<\/div>\n\t\t\t\t\t<\/div>\n\t\t\t\t<\/div>\n\t\t\t\t<\/div>\n\t\t","protected":false},"excerpt":{"rendered":"<p>Esitage uudiseid v\u00f5i pressiteateid Pressiteadete levitamine meediale Baltikumis: Eesti, L\u00e4ti ja Leedu Baltic.News\u2122 jagab koost\u00f6\u00f6s EuropeNewswire.Net\u2122 pressiteateid Balti riikide, sealhulgas Eesti ja L\u00e4ti meediav\u00e4ljaannetele ja Leedu ja kogu Euroopa. edastame teie pressiteate piirkonna potentsiaalsele publikule. Kasutage pressiteadete eeliseid. Meie pressiteadete levitamisega saate mitmeid eeliseid, nagu n\u00e4htavuse suurendamine, meediasuhete loomine, mainehaldus, SEO eelised, potentsiaalne viraalsus, vaatajaskonna [&hellip;]<\/p>\n","protected":false},"author":1,"featured_media":0,"parent":0,"menu_order":0,"comment_status":"closed","ping_status":"closed","template":"","meta":{"footnotes":""},"class_list":["post-3189","page","type-page","status-publish"],"_links":{"self":[{"href":"https:\/\/baltic.news\/et\/wp-json\/wp\/v2\/pages\/3189","targetHints":{"allow":["GET"]}}],"collection":[{"href":"https:\/\/baltic.news\/et\/wp-json\/wp\/v2\/pages"}],"about":[{"href":"https:\/\/baltic.news\/et\/wp-json\/wp\/v2\/types\/page"}],"author":[{"embeddable":true,"href":"https:\/\/baltic.news\/et\/wp-json\/wp\/v2\/users\/1"}],"replies":[{"embeddable":true,"href":"https:\/\/baltic.news\/et\/wp-json\/wp\/v2\/comments?post=3189"}],"version-history":[{"count":0,"href":"https:\/\/baltic.news\/et\/wp-json\/wp\/v2\/pages\/3189\/revisions"}],"wp:attachment":[{"href":"https:\/\/baltic.news\/et\/wp-json\/wp\/v2\/media?parent=3189"}],"curies":[{"name":"wp","href":"https:\/\/api.w.org\/{rel}","templated":true}]}}